{"id":61,"date":"2026-04-06T14:12:43","date_gmt":"2026-04-06T14:12:43","guid":{"rendered":"https:\/\/admiloassist-omajp.wordpress.com\/?page_id=61"},"modified":"2026-04-06T14:12:43","modified_gmt":"2026-04-06T14:12:43","slug":"admilo","status":"publish","type":"page","link":"https:\/\/admilo.fr\/index.php\/admilo\/","title":{"rendered":"ADMILO\u00a0"},"content":{"rendered":"\n<p><em>Votre&nbsp;service&nbsp;administratif&nbsp;\u00e0&nbsp;port\u00e9e&nbsp;de main<\/em>&nbsp;<\/p>\n\n\n\n<p><strong>FORMULAIRE DE CONSENTEMENT \u2014 PROTECTION DES DONN\u00c9ES PERSONNELLES (RGPD)<\/strong>&nbsp;<\/p>\n\n\n\n<p>Conform\u00e9ment&nbsp;au&nbsp;R\u00e8glement&nbsp;G\u00e9n\u00e9ral&nbsp;sur la Protection des Donn\u00e9es (RGPD \u2014&nbsp;R\u00e8glement&nbsp;UE 2016\/679) et \u00e0 la&nbsp;loi&nbsp;Informatique et&nbsp;Libert\u00e9s&nbsp;du 6&nbsp;janvier&nbsp;1978&nbsp;modifi\u00e9e, ADMILO,&nbsp;entreprise&nbsp;individuelle&nbsp;de&nbsp;secr\u00e9tariat&nbsp;ind\u00e9pendant,&nbsp;s&rsquo;engage&nbsp;\u00e0&nbsp;prot\u00e9ger&nbsp;vos&nbsp;donn\u00e9es&nbsp;personnelles.&nbsp;<\/p>\n\n\n\n<p>Ce document vous&nbsp;informe&nbsp;sur la&nbsp;collecte&nbsp;et&nbsp;l&rsquo;utilisation&nbsp;de&nbsp;vos&nbsp;donn\u00e9es et&nbsp;recueille&nbsp;votre&nbsp;consentement.&nbsp;<\/p>\n\n\n\n<p><strong>1.&nbsp;Identit\u00e9&nbsp;du&nbsp;responsable&nbsp;de&nbsp;traitement<\/strong>&nbsp;<\/p>\n\n\n\n<ul class=\"wp-block-list\">\n<li>Nom :\u00a0KILLIAN Floriane\u00a0<\/li>\n<\/ul>\n\n\n\n<ul class=\"wp-block-list\">\n<li>Entreprise\u00a0: ADMILO\u00a0<\/li>\n<\/ul>\n\n\n\n<ul class=\"wp-block-list\">\n<li>Adresse\u00a0: 13 Rue de Custine\u00a0<\/li>\n<\/ul>\n\n\n\n<ul class=\"wp-block-list\">\n<li>Email :\u00a0admilo.assist@gmail.com\u00a0<\/li>\n<\/ul>\n\n\n\n<ul class=\"wp-block-list\">\n<li>T\u00e9l\u00e9phone\u00a0:\u00a0\u00a0<\/li>\n<\/ul>\n\n\n\n<p><strong>2. Donn\u00e9es&nbsp;collect\u00e9es<\/strong>&nbsp;<\/p>\n\n\n\n<p>Dans le cadre de&nbsp;nos&nbsp;prestations, nous&nbsp;sommes&nbsp;amen\u00e9s&nbsp;\u00e0&nbsp;collecter&nbsp;les donn\u00e9es&nbsp;suivantes&nbsp;:&nbsp;<\/p>\n\n\n\n<ul class=\"wp-block-list\">\n<li>Nom,\u00a0pr\u00e9nom,\u00a0coordonn\u00e9es\u00a0(adresse,\u00a0t\u00e9l\u00e9phone, email)\u00a0<\/li>\n<\/ul>\n\n\n\n<ul class=\"wp-block-list\">\n<li>Documents\u00a0administratifs\u00a0(courriers, dossiers,\u00a0formulaires)\u00a0<\/li>\n<\/ul>\n\n\n\n<ul class=\"wp-block-list\">\n<li>Donn\u00e9es de sant\u00e9 le\u00a0cas\u00a0\u00e9ch\u00e9ant\u00a0(uniquement\u00a0pour les\u00a0professionnels\u00a0de sant\u00e9\u00a0ou\u00a0dans le cadre de la gestion de dossiers\u00a0m\u00e9dicaux)\u00a0<\/li>\n<\/ul>\n\n\n\n<ul class=\"wp-block-list\">\n<li>Informations\u00a0professionnelles\u00a0(pour les TPE\/PME, artisans, professions\u00a0lib\u00e9rales)\u00a0<\/li>\n<\/ul>\n\n\n\n<p><strong>3.&nbsp;Finalit\u00e9s&nbsp;du&nbsp;traitement<\/strong>&nbsp;<\/p>\n\n\n\n<p>Vos donn\u00e9es&nbsp;sont&nbsp;utilis\u00e9es&nbsp;exclusivement&nbsp;pour :&nbsp;<\/p>\n\n\n\n<ul class=\"wp-block-list\">\n<li>La\u00a0r\u00e9alisation\u00a0des\u00a0prestations\u00a0administratives\u00a0convenues\u00a0<\/li>\n<\/ul>\n\n\n\n<ul class=\"wp-block-list\">\n<li>La gestion de la relation client (devis,\u00a0facturation,\u00a0suivi)\u00a0<\/li>\n<\/ul>\n\n\n\n<ul class=\"wp-block-list\">\n<li>La communication relative \u00e0\u00a0votre\u00a0dossier\u00a0<\/li>\n<\/ul>\n\n\n\n<ul class=\"wp-block-list\">\n<li>Le respect des obligations\u00a0l\u00e9gales\u00a0et\u00a0fiscales\u00a0<\/li>\n<\/ul>\n\n\n\n<p><strong>4. Dur\u00e9e de conservation<\/strong>&nbsp;<\/p>\n\n\n\n<p>Vos donn\u00e9es&nbsp;sont&nbsp;conserv\u00e9es&nbsp;:&nbsp;<\/p>\n\n\n\n<ul class=\"wp-block-list\">\n<li>Pendant toute la dur\u00e9e de la relation\u00a0contractuelle\u00a0<\/li>\n<\/ul>\n\n\n\n<ul class=\"wp-block-list\">\n<li>Puis\u00a05\u00a0ans\u00a0apr\u00e8s la fin de la prestation (obligations\u00a0comptables\u00a0et\u00a0l\u00e9gales)\u00a0<\/li>\n<\/ul>\n\n\n\n<ul class=\"wp-block-list\">\n<li>Les donn\u00e9es de sant\u00e9\u00a0sont\u00a0supprim\u00e9es\u00a0d\u00e8s\u00a0la fin de la mission\u00a0concern\u00e9e,\u00a0sauf\u00a0obligation\u00a0l\u00e9gale\u00a0contraire\u00a0<\/li>\n<\/ul>\n\n\n\n<p><strong>5. Partage des donn\u00e9es<\/strong>&nbsp;<\/p>\n\n\n\n<p>Vos donn\u00e9es ne&nbsp;sont&nbsp;jamais vendues&nbsp;ni&nbsp;c\u00e9d\u00e9es&nbsp;\u00e0 des tiers. Elles&nbsp;peuvent&nbsp;\u00eatre&nbsp;transmises&nbsp;uniquement&nbsp;:&nbsp;<\/p>\n\n\n\n<ul class=\"wp-block-list\">\n<li>Aux\u00a0organismes\u00a0officiels\u00a0dans le cadre de\u00a0vos\u00a0d\u00e9marches (services publics,\u00a0mutuelles, etc.)\u00a0<\/li>\n<\/ul>\n\n\n\n<ul class=\"wp-block-list\">\n<li>Avec\u00a0votre\u00a0accord\u00a0explicite\u00a0pr\u00e9alable\u00a0<\/li>\n<\/ul>\n\n\n\n<p><strong>6. Vos droits<\/strong>&nbsp;<\/p>\n\n\n\n<p>Conform\u00e9ment&nbsp;au RGPD, vous&nbsp;disposez&nbsp;des droits&nbsp;suivants&nbsp;:&nbsp;<\/p>\n\n\n\n<ul class=\"wp-block-list\">\n<li>Droit\u00a0d&rsquo;acc\u00e8s\u00a0:\u00a0obtenir\u00a0une\u00a0copie\u00a0de\u00a0vos\u00a0donn\u00e9es\u00a0<\/li>\n<\/ul>\n\n\n\n<ul class=\"wp-block-list\">\n<li>Droit de\u00a0rectification :\u00a0corriger\u00a0des donn\u00e9es\u00a0inexactes\u00a0<\/li>\n<\/ul>\n\n\n\n<ul class=\"wp-block-list\">\n<li>Droit \u00e0\u00a0l&rsquo;effacement\u00a0: demander la suppression de\u00a0vos\u00a0donn\u00e9es\u00a0<\/li>\n<\/ul>\n\n\n\n<ul class=\"wp-block-list\">\n<li>Droit\u00a0d&rsquo;opposition\u00a0: refuser un\u00a0traitement\u00a0de\u00a0vos\u00a0donn\u00e9es\u00a0<\/li>\n<\/ul>\n\n\n\n<ul class=\"wp-block-list\">\n<li>Droit \u00e0 la\u00a0portabilit\u00e9\u00a0:\u00a0r\u00e9cup\u00e9rer\u00a0vos\u00a0donn\u00e9es dans\u00a0un format\u00a0lisible\u00a0<\/li>\n<\/ul>\n\n\n\n<p><em>Pour&nbsp;exercer&nbsp;vos&nbsp;droits,&nbsp;contactez-nous&nbsp;\u00e0 :&nbsp;[email ADMILO]. En&nbsp;cas&nbsp;de&nbsp;litige, vous&nbsp;pouvez&nbsp;saisir&nbsp;la CNIL (www.cnil.fr).<\/em>&nbsp;<\/p>\n\n\n\n<p><strong>7.&nbsp;Consentement<\/strong>&nbsp;<\/p>\n\n\n\n<p>En&nbsp;signant&nbsp;ce&nbsp;document, vous&nbsp;reconnaissez&nbsp;avoir&nbsp;\u00e9t\u00e9&nbsp;inform\u00e9(e) de la politique de protection des donn\u00e9es&nbsp;d&rsquo;ADMILO&nbsp;et&nbsp;consentez&nbsp;au&nbsp;traitement&nbsp;de&nbsp;vos&nbsp;donn\u00e9es&nbsp;personnelles&nbsp;dans les conditions&nbsp;d\u00e9crites&nbsp;ci-dessus.&nbsp;<\/p>\n\n\n\n<p><strong>INFORMATIONS CLIENT<\/strong>&nbsp;<\/p>\n\n\n\n<p>Nom et&nbsp;pr\u00e9nom&nbsp;: _______________________________________________&nbsp;<\/p>\n\n\n\n<p>Adresse&nbsp;: ____________________________________________________&nbsp;<\/p>\n\n\n\n<p>Email :&nbsp;______________________________________________________&nbsp;<\/p>\n\n\n\n<p>T\u00e9l\u00e9phone&nbsp;: __________________________________________________&nbsp;<\/p>\n\n\n\n<p>Nature de la&nbsp;prestation :&nbsp;________________________________________&nbsp;<\/p>\n\n\n\n<p><strong>\u2610&nbsp;&nbsp;J&rsquo;accepte&nbsp;le&nbsp;traitement&nbsp;de&nbsp;mes&nbsp;donn\u00e9es&nbsp;personnelles&nbsp;conform\u00e9ment&nbsp;\u00e0&nbsp;ce&nbsp;document.<\/strong>&nbsp;<\/p>\n\n\n\n<p>\u2610&nbsp; Je&nbsp;m&rsquo;oppose&nbsp;au&nbsp;traitement&nbsp;de&nbsp;mes&nbsp;donn\u00e9es \u00e0 des fins de communication.&nbsp;<\/p>\n\n\n\n<p>Fait&nbsp;\u00e0 :&nbsp;________________________&nbsp; Le&nbsp;: ________________________&nbsp;<\/p>\n\n\n\n<p><strong>Signature du&nbsp;client :<\/strong>&nbsp;<\/p>\n\n\n\n<p><em>(Pr\u00e9c\u00e9d\u00e9e&nbsp;de la mention \u00ab Lu et&nbsp;approuv\u00e9&nbsp;\u00bb)<\/em>&nbsp;<\/p>\n\n\n\n<p><em>ADMILO \u2014 KILLIAN Floriane \u2014 Document&nbsp;confidentiel&nbsp;\u2014 Ce&nbsp;formulaire&nbsp;est \u00e0 conserver par les deux parties<\/em>&nbsp;<\/p>\n","protected":false},"excerpt":{"rendered":"<p>Votre&nbsp;service&nbsp;administratif&nbsp;\u00e0&nbsp;port\u00e9e&nbsp;de main&nbsp; FORMULAIRE DE CONSENTEMENT \u2014 PROTECTION DES DONN\u00c9ES PERSONNELLES (RGPD)&nbsp; Conform\u00e9ment&nbsp;au&nbsp;R\u00e8glement&nbsp;G\u00e9n\u00e9ral&nbsp;sur la Protection des Donn\u00e9es (RGPD \u2014&nbsp;R\u00e8glement&nbsp;UE 2016\/679) et \u00e0 la&nbsp;loi&nbsp;Informatique et&nbsp;Libert\u00e9s&nbsp;du 6&nbsp;janvier&nbsp;1978&nbsp;modifi\u00e9e, ADMILO,&nbsp;entreprise&nbsp;individuelle&nbsp;de&nbsp;secr\u00e9tariat&nbsp;ind\u00e9pendant,&nbsp;s&rsquo;engage&nbsp;\u00e0&nbsp;prot\u00e9ger&nbsp;vos&nbsp;donn\u00e9es&nbsp;personnelles.&nbsp; Ce document vous&nbsp;informe&nbsp;sur la&nbsp;collecte&nbsp;et&nbsp;l&rsquo;utilisation&nbsp;de&nbsp;vos&nbsp;donn\u00e9es et&nbsp;recueille&nbsp;votre&nbsp;consentement.&nbsp; 1.&nbsp;Identit\u00e9&nbsp;du&nbsp;responsable&nbsp;de&nbsp;traitement&nbsp; 2. Donn\u00e9es&nbsp;collect\u00e9es&nbsp; Dans le cadre de&nbsp;nos&nbsp;prestations, nous&nbsp;sommes&nbsp;amen\u00e9s&nbsp;\u00e0&nbsp;collecter&nbsp;les donn\u00e9es&nbsp;suivantes&nbsp;:&nbsp; 3.&nbsp;Finalit\u00e9s&nbsp;du&nbsp;traitement&nbsp; Vos donn\u00e9es&nbsp;sont&nbsp;utilis\u00e9es&nbsp;exclusivement&nbsp;pour :&nbsp; 4. Dur\u00e9e de conservation&nbsp; Vos donn\u00e9es&nbsp;sont&nbsp;conserv\u00e9es&nbsp;:&nbsp; 5. Partage des donn\u00e9es&nbsp; Vos donn\u00e9es [&hellip;]<\/p>\n","protected":false},"author":1,"featured_media":0,"parent":0,"menu_order":0,"comment_status":"closed","ping_status":"closed","template":"","meta":{"footnotes":""},"class_list":["post-61","page","type-page","status-publish","hentry"],"_links":{"self":[{"href":"https:\/\/admilo.fr\/index.php\/wp-json\/wp\/v2\/pages\/61","targetHints":{"allow":["GET"]}}],"collection":[{"href":"https:\/\/admilo.fr\/index.php\/wp-json\/wp\/v2\/pages"}],"about":[{"href":"https:\/\/admilo.fr\/index.php\/wp-json\/wp\/v2\/types\/page"}],"author":[{"embeddable":true,"href":"https:\/\/admilo.fr\/index.php\/wp-json\/wp\/v2\/users\/1"}],"replies":[{"embeddable":true,"href":"https:\/\/admilo.fr\/index.php\/wp-json\/wp\/v2\/comments?post=61"}],"version-history":[{"count":1,"href":"https:\/\/admilo.fr\/index.php\/wp-json\/wp\/v2\/pages\/61\/revisions"}],"predecessor-version":[{"id":80,"href":"https:\/\/admilo.fr\/index.php\/wp-json\/wp\/v2\/pages\/61\/revisions\/80"}],"wp:attachment":[{"href":"https:\/\/admilo.fr\/index.php\/wp-json\/wp\/v2\/media?parent=61"}],"curies":[{"name":"wp","href":"https:\/\/api.w.org\/{rel}","templated":true}]}}