{"id":11,"date":"2026-03-30T17:29:16","date_gmt":"2026-03-30T15:29:16","guid":{"rendered":"https:\/\/admiloassist-omajp.wordpress.com\/a-propos\/"},"modified":"2026-04-06T13:54:37","modified_gmt":"2026-04-06T13:54:37","slug":"a-propos","status":"publish","type":"page","link":"http:\/\/admilo.fr\/index.php\/a-propos\/","title":{"rendered":"A propos"},"content":{"rendered":"\n<p>Floriane KILLIAN, assistante ind\u00e9pendante sp\u00e9cialis\u00e9e dans le secteur m\u00e9dical, je prends en charge la gestion et l&rsquo;organisation administrative et commerciale de votre entreprise. <\/p>\n\n\n\n<p>Je propose une vari\u00e9t\u00e9 de services incluant <\/p>\n\n\n\n<ul class=\"wp-block-list\">\n<li>la gestion des agendas, <\/li>\n\n\n\n<li>le traitement des appels,<\/li>\n\n\n\n<li>la communication (web, r\u00e9seaux sociaux),<\/li>\n\n\n\n<li>le tri, l&rsquo;archivage et la num\u00e9risation des documents, <\/li>\n\n\n\n<li>la r\u00e9daction et l&rsquo;envoi des mails ou courriers, <\/li>\n\n\n\n<li>la facturation clients et fournisseurs,<\/li>\n\n\n\n<li>la gestion des impay\u00e9s (contentieux)<\/li>\n\n\n\n<li>la transmission des documents au comptable,<\/li>\n\n\n\n<li>la gestion et l&rsquo;organisation administrative et commerciale de votre entreprise.<\/li>\n\n\n\n<li>Je propose \u00e9galement un service administratif et informatique de base aux particuliers (tri et organisation des papiers, gestion des dossier m\u00e9dicaux, etc)<\/li>\n<\/ul>\n\n\n\n<figure class=\"wp-block-image aligncenter size-large\"><img decoding=\"async\" src=\"http:\/\/admilo.fr\/wp-content\/uploads\/2026\/03\/file_000000003fd07246b5d3fe3d12b43380.png?w=1024\" alt=\"\" class=\"wp-image-13\" \/><\/figure>\n","protected":false},"excerpt":{"rendered":"<p>Floriane KILLIAN, assistante ind\u00e9pendante sp\u00e9cialis\u00e9e dans le secteur m\u00e9dical, je prends en charge la gestion et l&rsquo;organisation administrative et commerciale de votre entreprise. Je propose une vari\u00e9t\u00e9 de services incluant<\/p>\n","protected":false},"author":1,"featured_media":0,"parent":0,"menu_order":1,"comment_status":"closed","ping_status":"closed","template":"","meta":{"footnotes":""},"class_list":["post-11","page","type-page","status-publish","hentry"],"_links":{"self":[{"href":"http:\/\/admilo.fr\/index.php\/wp-json\/wp\/v2\/pages\/11","targetHints":{"allow":["GET"]}}],"collection":[{"href":"http:\/\/admilo.fr\/index.php\/wp-json\/wp\/v2\/pages"}],"about":[{"href":"http:\/\/admilo.fr\/index.php\/wp-json\/wp\/v2\/types\/page"}],"author":[{"embeddable":true,"href":"http:\/\/admilo.fr\/index.php\/wp-json\/wp\/v2\/users\/1"}],"replies":[{"embeddable":true,"href":"http:\/\/admilo.fr\/index.php\/wp-json\/wp\/v2\/comments?post=11"}],"version-history":[{"count":1,"href":"http:\/\/admilo.fr\/index.php\/wp-json\/wp\/v2\/pages\/11\/revisions"}],"predecessor-version":[{"id":68,"href":"http:\/\/admilo.fr\/index.php\/wp-json\/wp\/v2\/pages\/11\/revisions\/68"}],"wp:attachment":[{"href":"http:\/\/admilo.fr\/index.php\/wp-json\/wp\/v2\/media?parent=11"}],"curies":[{"name":"wp","href":"https:\/\/api.w.org\/{rel}","templated":true}]}}